{"id":2300,"date":"2024-01-04T13:18:52","date_gmt":"2024-01-04T12:18:52","guid":{"rendered":"https:\/\/www.thunepodcast.fr\/?page_id=2300"},"modified":"2024-01-04T19:32:41","modified_gmt":"2024-01-04T18:32:41","slug":"amour","status":"publish","type":"page","link":"https:\/\/www.thunepodcast.fr\/index.php\/amour\/","title":{"rendered":"AMOUR"},"content":{"rendered":"\n<h2>\n\t\tAMOUR\n\t<\/h2>\n\t<meta itemscope itemprop=\"mainEntityOfPage\" itemtype=\"https:\/\/schema.org\/WebPage\" itemid=\"http:\/\/1124\" content=\"La caissi\u00e8re et le millionnaire ! (2\/2)\" \/><meta itemprop=\"datePublished\" content=\"2023-10-23\" \/><meta itemprop=\"dateModified\" content=\"2024-01-04\" \/><meta itemprop=\"name\" content=\"Thune Podcast\"\/><meta itemprop=\"url\" content=\"https:\/\/www.thunepodcast.fr\/index.php\/author\/admin4827\/\" \/><meta itemprop=\"name\" content=\"admin4827\" \/><meta itemprop=\"url\" content=\"https:\/\/www.thunepodcast.fr\/wp-content\/uploads\/2023\/10\/THUNE-PODCAST-EPISODE-81.jpg\" \/><meta itemprop=\"width\" content=\"800\" \/><meta itemprop=\"height\" content=\"800\" \/><meta itemprop=\"interactionType\" content=\"https:\/\/schema.org\/CommentAction\" \/><meta itemprop=\"userInteractionCount\" content=\"0\" \/>\n\t\t\t\t\t<a href=\"https:\/\/www.thunepodcast.fr\/index.php\/2023\/10\/23\/severine-2eme-episode-la-caissiere-et-le-millionnaire\/\" title=\"La caissi\u00e8re et le millionnaire ! (2\/2)\"><\/a>\n\t\t\t\t<img decoding=\"async\" src=\"https:\/\/www.thunepodcast.fr\/wp-content\/uploads\/bb-plugin\/cache\/THUNE-PODCAST-EPISODE-81-768x768-square-bb4278b4e1628bd7d176db0fd7f2b98a-.jpg\" alt=\"THUNE PODCAST EPISODE 81\" itemprop=\"image\" data-no-lazy=\"1\" title=\"THUNE PODCAST EPISODE 81\" onerror=\"this.style.display='none'\"  \/>\n\t\t\t\t\t\t\t\t\t<h2 itemprop=\"headline\">\n\t\t\t\t\t\t\t\t\t\t\t\t\t\tLa caissi\u00e8re et le millionnaire ! (2\/2)\t\t\t\t\t\t\t\t\t\t\t<\/h2>\n    En mode \u00ab\u00a0conte de f\u00e9e\u00a0\u00bb&#8230; ou presque\n<br \/>\n\u00c9pisode #96\n\t\t<!-- .pp-content-posts -->\n\t<meta itemscope itemprop=\"mainEntityOfPage\" itemtype=\"https:\/\/schema.org\/WebPage\" itemid=\"http:\/\/1065\" content=\"Sophia et les gar\u00e7ons : quand l&rsquo;argent est toujours un probl\u00e8me\" \/><meta itemprop=\"datePublished\" content=\"2023-10-23\" \/><meta itemprop=\"dateModified\" content=\"2024-01-01\" \/><meta itemprop=\"name\" content=\"Thune Podcast\"\/><meta itemprop=\"url\" content=\"https:\/\/www.thunepodcast.fr\/index.php\/author\/admin4827\/\" \/><meta itemprop=\"name\" content=\"admin4827\" \/><meta itemprop=\"url\" content=\"https:\/\/www.thunepodcast.fr\/wp-content\/uploads\/2023\/10\/THUNE-PODCAST-EPISODE-67.jpg\" \/><meta itemprop=\"width\" content=\"800\" \/><meta itemprop=\"height\" content=\"800\" \/><meta itemprop=\"interactionType\" content=\"https:\/\/schema.org\/CommentAction\" \/><meta itemprop=\"userInteractionCount\" content=\"0\" \/>\n\t\t\t\t\t<a href=\"https:\/\/www.thunepodcast.fr\/index.php\/2023\/10\/23\/sophia-et-les-garcons-quand-largent-est-toujours-un-probleme\/\" title=\"Sophia et les gar\u00e7ons : quand l&rsquo;argent est toujours un probl\u00e8me\"><\/a>\n\t\t\t\t<img decoding=\"async\" src=\"https:\/\/www.thunepodcast.fr\/wp-content\/uploads\/bb-plugin\/cache\/THUNE-PODCAST-EPISODE-67-768x768-square-6e81f6fe6ab130f36985dba6a82e265e-.jpg\" alt=\"THUNE PODCAST EPISODE 67\" itemprop=\"image\" data-no-lazy=\"1\" title=\"THUNE PODCAST EPISODE 67\" onerror=\"this.style.display='none'\"  \/>\n\t\t\t\t\t\t\t\t\t<h2 itemprop=\"headline\">\n\t\t\t\t\t\t\t\t\t\t\t\t\t\tSophia et les gar\u00e7ons : quand l&rsquo;argent est toujours un probl\u00e8me\t\t\t\t\t\t\t\t\t\t\t<\/h2>\n    L&rsquo;amour, \u00e7a fait mal au portefeuille ?\n<br \/>\n\u00c9pisode #84\n\t<meta itemscope itemprop=\"mainEntityOfPage\" itemtype=\"https:\/\/schema.org\/WebPage\" itemid=\"http:\/\/1048\" content=\"Gagnant du loto : le avant\/apr\u00e8s d&rsquo;un \u00ab\u00a0jeune\u00a0\u00bb millionnaire\" \/><meta itemprop=\"datePublished\" content=\"2023-10-23\" \/><meta itemprop=\"dateModified\" content=\"2024-01-01\" \/><meta itemprop=\"name\" content=\"Thune Podcast\"\/><meta itemprop=\"url\" content=\"https:\/\/www.thunepodcast.fr\/index.php\/author\/admin4827\/\" \/><meta itemprop=\"name\" content=\"admin4827\" \/><meta itemprop=\"url\" content=\"https:\/\/www.thunepodcast.fr\/wp-content\/uploads\/2023\/10\/THUNE-PODCAST-EPISODE-64.jpg\" \/><meta itemprop=\"width\" content=\"800\" \/><meta itemprop=\"height\" content=\"800\" \/><meta itemprop=\"interactionType\" content=\"https:\/\/schema.org\/CommentAction\" \/><meta itemprop=\"userInteractionCount\" content=\"0\" \/>\n\t\t\t\t\t<a href=\"https:\/\/www.thunepodcast.fr\/index.php\/2023\/10\/23\/jean-marc-gagnant-du-loto-le-avant-apres-dun-jeune-millionnaire\/\" title=\"Gagnant du loto : le avant\/apr\u00e8s d&rsquo;un \u00ab\u00a0jeune\u00a0\u00bb millionnaire\"><\/a>\n\t\t\t\t<img decoding=\"async\" src=\"https:\/\/www.thunepodcast.fr\/wp-content\/uploads\/bb-plugin\/cache\/THUNE-PODCAST-EPISODE-64-768x768-square-bd9a51080ce6864ad44ab43c1dc6cc76-.jpg\" alt=\"THUNE PODCAST EPISODE 64\" itemprop=\"image\" data-no-lazy=\"1\" title=\"THUNE PODCAST EPISODE 64\" onerror=\"this.style.display='none'\"  \/>\n\t\t\t\t\t\t\t\t\t<h2 itemprop=\"headline\">\n\t\t\t\t\t\t\t\t\t\t\t\t\t\tGagnant du loto : le avant\/apr\u00e8s d&rsquo;un \u00ab\u00a0jeune\u00a0\u00bb millionnaire\t\t\t\t\t\t\t\t\t\t\t<\/h2>\n    Un \u00e9pisode crominiou &lt;3\n<br \/>\n\u00c9pisode #81\n\t<meta itemscope itemprop=\"mainEntityOfPage\" itemtype=\"https:\/\/schema.org\/WebPage\" itemid=\"http:\/\/1014\" content=\"Le vrai prix d&rsquo;une PMA en Espagne\" \/><meta itemprop=\"datePublished\" content=\"2023-10-23\" \/><meta itemprop=\"dateModified\" content=\"2024-01-01\" \/><meta itemprop=\"name\" content=\"Thune Podcast\"\/><meta itemprop=\"url\" content=\"https:\/\/www.thunepodcast.fr\/index.php\/author\/admin4827\/\" \/><meta itemprop=\"name\" content=\"admin4827\" \/><meta itemprop=\"url\" content=\"https:\/\/www.thunepodcast.fr\/wp-content\/uploads\/2023\/10\/THUNE-PODCAST-EPISODE-56.jpg\" \/><meta itemprop=\"width\" content=\"800\" \/><meta itemprop=\"height\" content=\"800\" \/><meta itemprop=\"interactionType\" content=\"https:\/\/schema.org\/CommentAction\" \/><meta itemprop=\"userInteractionCount\" content=\"0\" \/>\n\t\t\t\t\t<a href=\"https:\/\/www.thunepodcast.fr\/index.php\/2023\/10\/23\/marie-clemence-le-vrai-prix-dune-pma-en-espagne\/\" title=\"Le vrai prix d&rsquo;une PMA en Espagne\"><\/a>\n\t\t\t\t<img decoding=\"async\" src=\"https:\/\/www.thunepodcast.fr\/wp-content\/uploads\/bb-plugin\/cache\/THUNE-PODCAST-EPISODE-56-768x768-square-e6882a1bb26345f0705ffbce685d005d-.jpg\" alt=\"THUNE PODCAST EPISODE 56\" itemprop=\"image\" data-no-lazy=\"1\" title=\"THUNE PODCAST EPISODE 56\" onerror=\"this.style.display='none'\"  \/>\n\t\t\t\t\t\t\t\t\t<h2 itemprop=\"headline\">\n\t\t\t\t\t\t\t\t\t\t\t\t\t\tLe vrai prix d&rsquo;une PMA en Espagne\t\t\t\t\t\t\t\t\t\t\t<\/h2>\n    Un b\u00e9b\u00e9 \u00e0 tout prix\n<br \/>\n\u00c9pisode #72\n\t<meta itemscope itemprop=\"mainEntityOfPage\" itemtype=\"https:\/\/schema.org\/WebPage\" itemid=\"http:\/\/749\" content=\"Ce que le couple h\u00e9t\u00e9ro co\u00fbte aux femmes, avec Lucile Quillet\" \/><meta itemprop=\"datePublished\" content=\"2023-10-20\" \/><meta itemprop=\"dateModified\" content=\"2024-01-01\" \/><meta itemprop=\"name\" content=\"Thune Podcast\"\/><meta itemprop=\"url\" content=\"https:\/\/www.thunepodcast.fr\/index.php\/author\/admin4827\/\" \/><meta itemprop=\"name\" content=\"admin4827\" \/><meta itemprop=\"url\" content=\"https:\/\/www.thunepodcast.fr\/wp-content\/uploads\/2023\/10\/THUNE-PODCAST-EPISODE-15.jpg\" \/><meta itemprop=\"width\" content=\"800\" \/><meta itemprop=\"height\" content=\"800\" \/><meta itemprop=\"interactionType\" content=\"https:\/\/schema.org\/CommentAction\" \/><meta itemprop=\"userInteractionCount\" content=\"0\" \/>\n\t\t\t\t\t<a href=\"https:\/\/www.thunepodcast.fr\/index.php\/2023\/10\/20\/lucile-quillet-journaliste-le-couple-cree-un-desequilibre-financier-qui-desavantage-des-femmes\/\" title=\"Ce que le couple h\u00e9t\u00e9ro co\u00fbte aux femmes, avec Lucile Quillet\"><\/a>\n\t\t\t\t<img decoding=\"async\" src=\"https:\/\/www.thunepodcast.fr\/wp-content\/uploads\/bb-plugin\/cache\/THUNE-PODCAST-EPISODE-15-768x768-square-a7a66b48d10a0147865bb2037c212984-.jpg\" alt=\"THUNE PODCAST EPISODE 15\" itemprop=\"image\" data-no-lazy=\"1\" title=\"THUNE PODCAST EPISODE 15\" onerror=\"this.style.display='none'\"  \/>\n\t\t\t\t\t\t\t\t\t<h2 itemprop=\"headline\">\n\t\t\t\t\t\t\t\t\t\t\t\t\t\tCe que le couple h\u00e9t\u00e9ro co\u00fbte aux femmes, avec Lucile Quillet\t\t\t\t\t\t\t\t\t\t\t<\/h2>\n    Le f\u00e9minisme, \u00e7a (se) compte !\n<br \/>\n\u00c9pisode #15\n\t<meta itemscope itemprop=\"mainEntityOfPage\" itemtype=\"https:\/\/schema.org\/WebPage\" itemid=\"http:\/\/731\" content=\"Le divorce : \u00e7a co\u00fbte forc\u00e9ment cher\" \/><meta itemprop=\"datePublished\" content=\"2023-10-20\" \/><meta itemprop=\"dateModified\" content=\"2024-01-01\" \/><meta itemprop=\"name\" content=\"Thune Podcast\"\/><meta itemprop=\"url\" content=\"https:\/\/www.thunepodcast.fr\/index.php\/author\/admin4827\/\" \/><meta itemprop=\"name\" content=\"admin4827\" \/><meta itemprop=\"url\" content=\"https:\/\/www.thunepodcast.fr\/wp-content\/uploads\/2023\/10\/THUNE-PODCAST-EPISODE-12.jpg\" \/><meta itemprop=\"width\" content=\"800\" \/><meta itemprop=\"height\" content=\"800\" \/><meta itemprop=\"interactionType\" content=\"https:\/\/schema.org\/CommentAction\" \/><meta itemprop=\"userInteractionCount\" content=\"0\" \/>\n\t\t\t\t\t<a href=\"https:\/\/www.thunepodcast.fr\/index.php\/2023\/10\/20\/le-divorce-ca-coute-forcement-cher\/\" title=\"Le divorce : \u00e7a co\u00fbte forc\u00e9ment cher\"><\/a>\n\t\t\t\t<img decoding=\"async\" src=\"https:\/\/www.thunepodcast.fr\/wp-content\/uploads\/bb-plugin\/cache\/THUNE-PODCAST-EPISODE-12-768x768-square-9b3ba9ae5c6b38362244291aee50bbac-.jpg\" alt=\"THUNE PODCAST EPISODE 12\" itemprop=\"image\" data-no-lazy=\"1\" title=\"THUNE PODCAST EPISODE 12\" onerror=\"this.style.display='none'\"  \/>\n\t\t\t\t\t\t\t\t\t<h2 itemprop=\"headline\">\n\t\t\t\t\t\t\t\t\t\t\t\t\t\tLe divorce : \u00e7a co\u00fbte forc\u00e9ment cher\t\t\t\t\t\t\t\t\t\t\t<\/h2>\n    Tout ce que vous devez savoir sur le divorce\n<br \/>\n\u00c9pisode #12\n\t<meta itemscope itemprop=\"mainEntityOfPage\" itemtype=\"https:\/\/schema.org\/WebPage\" itemid=\"http:\/\/638\" content=\"La prostitu\u00e9e et ses tarifs bien ajust\u00e9s (2\/2)\" \/><meta itemprop=\"datePublished\" content=\"2023-10-19\" \/><meta itemprop=\"dateModified\" content=\"2024-01-01\" \/><meta itemprop=\"name\" content=\"Thune Podcast\"\/><meta itemprop=\"url\" content=\"https:\/\/www.thunepodcast.fr\/index.php\/author\/admin4827\/\" \/><meta itemprop=\"name\" content=\"admin4827\" \/><meta itemprop=\"url\" content=\"https:\/\/www.thunepodcast.fr\/wp-content\/uploads\/2023\/10\/THUNE-PODCAST-EPISODE-10.jpeg\" \/><meta itemprop=\"width\" content=\"1400\" \/><meta itemprop=\"height\" content=\"1400\" \/><meta itemprop=\"interactionType\" content=\"https:\/\/schema.org\/CommentAction\" \/><meta itemprop=\"userInteractionCount\" content=\"0\" \/>\n\t\t\t\t\t<a href=\"https:\/\/www.thunepodcast.fr\/index.php\/2023\/10\/19\/la-prostituee-et-ses-tarifs-bien-ajustes-2-2\/\" title=\"La prostitu\u00e9e et ses tarifs bien ajust\u00e9s (2\/2)\"><\/a>\n\t\t\t\t<img decoding=\"async\" src=\"https:\/\/www.thunepodcast.fr\/wp-content\/uploads\/bb-plugin\/cache\/THUNE-PODCAST-EPISODE-10-768x768-square-1d9fa323154e7711d465ce79668b46de-.jpeg\" alt=\"THUNE PODCAST EPISODE 10\" itemprop=\"image\" data-no-lazy=\"1\" title=\"THUNE PODCAST EPISODE 10\" onerror=\"this.style.display='none'\"  \/>\n\t\t\t\t\t\t\t\t\t<h2 itemprop=\"headline\">\n\t\t\t\t\t\t\t\t\t\t\t\t\t\tLa prostitu\u00e9e et ses tarifs bien ajust\u00e9s (2\/2)\t\t\t\t\t\t\t\t\t\t\t<\/h2>\n    Peut-on vendre son corps ?\n<br \/>\n\u00c9pisode #10 (2\/2)\n\t<meta itemscope itemprop=\"mainEntityOfPage\" itemtype=\"https:\/\/schema.org\/WebPage\" itemid=\"http:\/\/591\" content=\"La prostitu\u00e9e, et ses tarifs bien ajust\u00e9s (1\/2)\" \/><meta itemprop=\"datePublished\" content=\"2023-10-11\" \/><meta itemprop=\"dateModified\" content=\"2024-01-01\" \/><meta itemprop=\"name\" content=\"Thune Podcast\"\/><meta itemprop=\"url\" content=\"https:\/\/www.thunepodcast.fr\/index.php\/author\/admin4827\/\" \/><meta itemprop=\"name\" content=\"admin4827\" \/><meta itemprop=\"url\" content=\"https:\/\/www.thunepodcast.fr\/wp-content\/uploads\/2023\/10\/THUNE-PODCAST-EPISODE-10.jpeg\" \/><meta itemprop=\"width\" content=\"1400\" \/><meta itemprop=\"height\" content=\"1400\" \/><meta itemprop=\"interactionType\" content=\"https:\/\/schema.org\/CommentAction\" \/><meta itemprop=\"userInteractionCount\" content=\"0\" \/>\n\t\t\t\t\t<a href=\"https:\/\/www.thunepodcast.fr\/index.php\/2023\/10\/11\/melody-prostituee-dominatrice-bdsm-1-2\/\" title=\"La prostitu\u00e9e, et ses tarifs bien ajust\u00e9s (1\/2)\"><\/a>\n\t\t\t\t<img decoding=\"async\" src=\"https:\/\/www.thunepodcast.fr\/wp-content\/uploads\/bb-plugin\/cache\/THUNE-PODCAST-EPISODE-10-768x768-square-1d9fa323154e7711d465ce79668b46de-.jpeg\" alt=\"THUNE PODCAST EPISODE 10\" itemprop=\"image\" data-no-lazy=\"1\" title=\"THUNE PODCAST EPISODE 10\" onerror=\"this.style.display='none'\"  \/>\n\t\t\t\t\t\t\t\t\t<h2 itemprop=\"headline\">\n\t\t\t\t\t\t\t\t\t\t\t\t\t\tLa prostitu\u00e9e, et ses tarifs bien ajust\u00e9s (1\/2)\t\t\t\t\t\t\t\t\t\t\t<\/h2>\n    Peut-on vendre son corps ?\n<br \/>\n\u00c9pisode #10 1\/2\n\t\t<!-- .pp-content-posts -->\n\n","protected":false},"excerpt":{"rendered":"<p>AMOUR La caissi\u00e8re et le millionnaire ! (2\/2) En mode \u00ab\u00a0conte de f\u00e9e\u00a0\u00bb&#8230; ou presque \u00c9pisode #96 Sophia et les gar\u00e7ons : quand l&rsquo;argent est toujours un probl\u00e8me L&rsquo;amour, \u00e7a fait mal au portefeuille ? \u00c9pisode #84 Gagnant du loto : le avant\/apr\u00e8s d&rsquo;un \u00ab\u00a0jeune\u00a0\u00bb millionnaire Un \u00e9pisode crominiou &lt;3 \u00c9pisode #81 Le vrai prix&hellip;<\/p>\n","protected":false},"author":1,"featured_media":0,"parent":0,"menu_order":0,"comment_status":"closed","ping_status":"closed","template":"","meta":{"footnotes":""},"class_list":["post-2300","page","type-page","status-publish","hentry"],"acf":[],"aioseo_notices":[],"_links":{"self":[{"href":"https:\/\/www.thunepodcast.fr\/index.php\/wp-json\/wp\/v2\/pages\/2300","targetHints":{"allow":["GET"]}}],"collection":[{"href":"https:\/\/www.thunepodcast.fr\/index.php\/wp-json\/wp\/v2\/pages"}],"about":[{"href":"https:\/\/www.thunepodcast.fr\/index.php\/wp-json\/wp\/v2\/types\/page"}],"author":[{"embeddable":true,"href":"https:\/\/www.thunepodcast.fr\/index.php\/wp-json\/wp\/v2\/users\/1"}],"replies":[{"embeddable":true,"href":"https:\/\/www.thunepodcast.fr\/index.php\/wp-json\/wp\/v2\/comments?post=2300"}],"version-history":[{"count":3,"href":"https:\/\/www.thunepodcast.fr\/index.php\/wp-json\/wp\/v2\/pages\/2300\/revisions"}],"predecessor-version":[{"id":2426,"href":"https:\/\/www.thunepodcast.fr\/index.php\/wp-json\/wp\/v2\/pages\/2300\/revisions\/2426"}],"wp:attachment":[{"href":"https:\/\/www.thunepodcast.fr\/index.php\/wp-json\/wp\/v2\/media?parent=2300"}],"curies":[{"name":"wp","href":"https:\/\/api.w.org\/{rel}","templated":true}]}}