{"id":2323,"date":"2024-01-04T13:23:59","date_gmt":"2024-01-04T12:23:59","guid":{"rendered":"https:\/\/www.thunepodcast.fr\/?page_id=2323"},"modified":"2024-01-04T19:48:43","modified_gmt":"2024-01-04T18:48:43","slug":"a-letranger","status":"publish","type":"page","link":"https:\/\/www.thunepodcast.fr\/index.php\/a-letranger\/","title":{"rendered":"A L&rsquo;\u00c9TRANGER"},"content":{"rendered":"\n<h2>\n\t\tA l&rsquo;\u00e9tranger\n\t<\/h2>\n\t<meta itemscope itemprop=\"mainEntityOfPage\" itemtype=\"https:\/\/schema.org\/WebPage\" itemid=\"http:\/\/1167\" content=\"Le h\u00e9ros tr\u00e8s discret qui a fait trembler le Luxembourg\" \/><meta itemprop=\"datePublished\" content=\"2023-10-23\" \/><meta itemprop=\"dateModified\" content=\"2024-01-01\" \/><meta itemprop=\"name\" content=\"Thune Podcast\"\/><meta itemprop=\"url\" content=\"https:\/\/www.thunepodcast.fr\/index.php\/author\/admin4827\/\" \/><meta itemprop=\"name\" content=\"admin4827\" \/><meta itemprop=\"url\" content=\"https:\/\/www.thunepodcast.fr\/wp-content\/uploads\/2023\/10\/Laurent-1-Thune-111.png\" \/><meta itemprop=\"width\" content=\"1080\" \/><meta itemprop=\"height\" content=\"1080\" \/><meta itemprop=\"interactionType\" content=\"https:\/\/schema.org\/CommentAction\" \/><meta itemprop=\"userInteractionCount\" content=\"0\" \/>\n\t\t\t\t\t<a href=\"https:\/\/www.thunepodcast.fr\/index.php\/2023\/10\/23\/antoine-deltour-le-heros-tres-discret-qui-a-fait-trembler-le-luxembourg\/\" title=\"Le h\u00e9ros tr\u00e8s discret qui a fait trembler le Luxembourg\"><\/a>\n\t\t\t\t<img decoding=\"async\" src=\"https:\/\/www.thunepodcast.fr\/wp-content\/uploads\/bb-plugin\/cache\/Laurent-1-Thune-111-768x768-square-e7e8b22656c633fcb5c6a2dc6a91a49b-.png\" alt=\"Laurent 1 Thune 1(11)\" itemprop=\"image\" data-no-lazy=\"1\" title=\"Laurent 1 Thune 1(11)\" onerror=\"this.style.display='none'\"  \/>\n\t\t\t\t\t\t\t\t\t<h2 itemprop=\"headline\">\n\t\t\t\t\t\t\t\t\t\t\t\t\t\tLe h\u00e9ros tr\u00e8s discret qui a fait trembler le Luxembourg\t\t\t\t\t\t\t\t\t\t\t<\/h2>\n    Les Luxleaks, c&rsquo;est lui !\n<br \/>\n\u00c9pisode #105\n\t\t<!-- .pp-content-posts -->\n\t<meta itemscope itemprop=\"mainEntityOfPage\" itemtype=\"https:\/\/schema.org\/WebPage\" itemid=\"http:\/\/1081\" content=\"Passion Arnaque ! L&rsquo;influenceuse qui traque les influenceurs\" \/><meta itemprop=\"datePublished\" content=\"2023-10-23\" \/><meta itemprop=\"dateModified\" content=\"2024-01-01\" \/><meta itemprop=\"name\" content=\"Thune Podcast\"\/><meta itemprop=\"url\" content=\"https:\/\/www.thunepodcast.fr\/index.php\/author\/admin4827\/\" \/><meta itemprop=\"name\" content=\"admin4827\" \/><meta itemprop=\"url\" content=\"https:\/\/www.thunepodcast.fr\/wp-content\/uploads\/2023\/10\/THUNE-PODCAST-EPISODE-71.jpg\" \/><meta itemprop=\"width\" content=\"800\" \/><meta itemprop=\"height\" content=\"800\" \/><meta itemprop=\"interactionType\" content=\"https:\/\/schema.org\/CommentAction\" \/><meta itemprop=\"userInteractionCount\" content=\"0\" \/>\n\t\t\t\t\t<a href=\"https:\/\/www.thunepodcast.fr\/index.php\/2023\/10\/23\/passion-arnaque-avec-audrey-chippaux-linfluenceuse-qui-traque-les-influenceurs\/\" title=\"Passion Arnaque ! L&rsquo;influenceuse qui traque les influenceurs\"><\/a>\n\t\t\t\t<img decoding=\"async\" src=\"https:\/\/www.thunepodcast.fr\/wp-content\/uploads\/bb-plugin\/cache\/THUNE-PODCAST-EPISODE-71-768x768-square-9afe602920192ab2a28cc70988942bd2-.jpg\" alt=\"THUNE PODCAST EPISODE 71\" itemprop=\"image\" data-no-lazy=\"1\" title=\"THUNE PODCAST EPISODE 71\" onerror=\"this.style.display='none'\"  \/>\n\t\t\t\t\t\t\t\t\t<h2 itemprop=\"headline\">\n\t\t\t\t\t\t\t\t\t\t\t\t\t\tPassion Arnaque ! L&rsquo;influenceuse qui traque les influenceurs\t\t\t\t\t\t\t\t\t\t\t<\/h2>\n    Influenceurs ou \u00ab\u00a0influvoleurs\u00a0\u00bb ?\n<br \/>\n\u00c9pisode #90\n\t<meta itemscope itemprop=\"mainEntityOfPage\" itemtype=\"https:\/\/schema.org\/WebPage\" itemid=\"http:\/\/1077\" content=\"L&rsquo;argent fait-il la joie des Chinois ?\" \/><meta itemprop=\"datePublished\" content=\"2023-10-23\" \/><meta itemprop=\"dateModified\" content=\"2024-01-01\" \/><meta itemprop=\"name\" content=\"Thune Podcast\"\/><meta itemprop=\"url\" content=\"https:\/\/www.thunepodcast.fr\/index.php\/author\/admin4827\/\" \/><meta itemprop=\"name\" content=\"admin4827\" \/><meta itemprop=\"url\" content=\"https:\/\/www.thunepodcast.fr\/wp-content\/uploads\/2023\/10\/THUNE-PODCAST-EPISODE-70.jpg\" \/><meta itemprop=\"width\" content=\"800\" \/><meta itemprop=\"height\" content=\"800\" \/><meta itemprop=\"interactionType\" content=\"https:\/\/schema.org\/CommentAction\" \/><meta itemprop=\"userInteractionCount\" content=\"0\" \/>\n\t\t\t\t\t<a href=\"https:\/\/www.thunepodcast.fr\/index.php\/2023\/10\/23\/mao-boulot-conso-largent-fait-il-la-joie-des-chinois-avec-abel-segretin-sinologue\/\" title=\"L&rsquo;argent fait-il la joie des Chinois ?\"><\/a>\n\t\t\t\t<img decoding=\"async\" src=\"https:\/\/www.thunepodcast.fr\/wp-content\/uploads\/bb-plugin\/cache\/THUNE-PODCAST-EPISODE-70-768x768-square-ae92c4b10b8db8ca0d4b032f13b78607-.jpg\" alt=\"THUNE PODCAST EPISODE 70\" itemprop=\"image\" data-no-lazy=\"1\" title=\"THUNE PODCAST EPISODE 70\" onerror=\"this.style.display='none'\"  \/>\n\t\t\t\t\t\t\t\t\t<h2 itemprop=\"headline\">\n\t\t\t\t\t\t\t\t\t\t\t\t\t\tL&rsquo;argent fait-il la joie des Chinois ?\t\t\t\t\t\t\t\t\t\t\t<\/h2>\n    Les Chinois et l&rsquo;argent\n<br \/>\n\u00c9pisode #88\n\t<meta itemscope itemprop=\"mainEntityOfPage\" itemtype=\"https:\/\/schema.org\/WebPage\" itemid=\"http:\/\/972\" content=\"Dettes et burn out : la face cach\u00e9e de Duba\u00ef (2\/2)\" \/><meta itemprop=\"datePublished\" content=\"2023-10-21\" \/><meta itemprop=\"dateModified\" content=\"2024-01-01\" \/><meta itemprop=\"name\" content=\"Thune Podcast\"\/><meta itemprop=\"url\" content=\"https:\/\/www.thunepodcast.fr\/index.php\/author\/admin4827\/\" \/><meta itemprop=\"name\" content=\"admin4827\" \/><meta itemprop=\"url\" content=\"https:\/\/www.thunepodcast.fr\/wp-content\/uploads\/2023\/10\/THUNE-PODCAST-EPISODE-50.jpg\" \/><meta itemprop=\"width\" content=\"800\" \/><meta itemprop=\"height\" content=\"800\" \/><meta itemprop=\"interactionType\" content=\"https:\/\/schema.org\/CommentAction\" \/><meta itemprop=\"userInteractionCount\" content=\"0\" \/>\n\t\t\t\t\t<a href=\"https:\/\/www.thunepodcast.fr\/index.php\/2023\/10\/21\/dettes-et-burn-out-la-face-cachee-de-dubai-avec-leila-20-ans-aux-emirats-copy\/\" title=\"Dettes et burn out : la face cach\u00e9e de Duba\u00ef (2\/2)\"><\/a>\n\t\t\t\t<img decoding=\"async\" src=\"https:\/\/www.thunepodcast.fr\/wp-content\/uploads\/bb-plugin\/cache\/THUNE-PODCAST-EPISODE-50-768x768-square-facf56b9ac5fad49962664511ae2363f-.jpg\" alt=\"THUNE PODCAST EPISODE 50\" itemprop=\"image\" data-no-lazy=\"1\" title=\"THUNE PODCAST EPISODE 50\" onerror=\"this.style.display='none'\"  \/>\n\t\t\t\t\t\t\t\t\t<h2 itemprop=\"headline\">\n\t\t\t\t\t\t\t\t\t\t\t\t\t\tDettes et burn out : la face cach\u00e9e de Duba\u00ef (2\/2)\t\t\t\t\t\t\t\t\t\t\t<\/h2>\n    Duba\u00ef, paradis de la thune ?\n<br \/>\n\u00c9pisode #67\n\t<meta itemscope itemprop=\"mainEntityOfPage\" itemtype=\"https:\/\/schema.org\/WebPage\" itemid=\"http:\/\/947\" content=\"Dettes et burn out : la face cach\u00e9e de Duba\u00ef (1\/2)\" \/><meta itemprop=\"datePublished\" content=\"2023-10-20\" \/><meta itemprop=\"dateModified\" content=\"2024-01-01\" \/><meta itemprop=\"name\" content=\"Thune Podcast\"\/><meta itemprop=\"url\" content=\"https:\/\/www.thunepodcast.fr\/index.php\/author\/admin4827\/\" \/><meta itemprop=\"name\" content=\"admin4827\" \/><meta itemprop=\"url\" content=\"https:\/\/www.thunepodcast.fr\/wp-content\/uploads\/2023\/10\/THUNE-PODCAST-EPISODE-49.jpg\" \/><meta itemprop=\"width\" content=\"800\" \/><meta itemprop=\"height\" content=\"800\" \/><meta itemprop=\"interactionType\" content=\"https:\/\/schema.org\/CommentAction\" \/><meta itemprop=\"userInteractionCount\" content=\"0\" \/>\n\t\t\t\t\t<a href=\"https:\/\/www.thunepodcast.fr\/index.php\/2023\/10\/20\/dettes-et-burn-out-la-face-cachee-de-dubai-avec-leila-20-ans-aux-emirats\/\" title=\"Dettes et burn out : la face cach\u00e9e de Duba\u00ef (1\/2)\"><\/a>\n\t\t\t\t<img decoding=\"async\" src=\"https:\/\/www.thunepodcast.fr\/wp-content\/uploads\/bb-plugin\/cache\/THUNE-PODCAST-EPISODE-49-768x768-square-9806a4018be43100a61556e000d036e6-.jpg\" alt=\"THUNE PODCAST EPISODE 49\" itemprop=\"image\" data-no-lazy=\"1\" title=\"THUNE PODCAST EPISODE 49\" onerror=\"this.style.display='none'\"  \/>\n\t\t\t\t\t\t\t\t\t<h2 itemprop=\"headline\">\n\t\t\t\t\t\t\t\t\t\t\t\t\t\tDettes et burn out : la face cach\u00e9e de Duba\u00ef (1\/2)\t\t\t\t\t\t\t\t\t\t\t<\/h2>\n    Duba\u00ef : paradis de la thune ?\n<br \/>\n\u00c9pisode #66\n\t<meta itemscope itemprop=\"mainEntityOfPage\" itemtype=\"https:\/\/schema.org\/WebPage\" itemid=\"http:\/\/879\" content=\"Les Russes et l&rsquo;argent (2\/2)\" \/><meta itemprop=\"datePublished\" content=\"2023-10-20\" \/><meta itemprop=\"dateModified\" content=\"2024-01-01\" \/><meta itemprop=\"name\" content=\"Thune Podcast\"\/><meta itemprop=\"url\" content=\"https:\/\/www.thunepodcast.fr\/index.php\/author\/admin4827\/\" \/><meta itemprop=\"name\" content=\"admin4827\" \/><meta itemprop=\"url\" content=\"https:\/\/www.thunepodcast.fr\/wp-content\/uploads\/2023\/10\/THUNE-PODCAST-EPISODE-22-.jpeg\" \/><meta itemprop=\"width\" content=\"1400\" \/><meta itemprop=\"height\" content=\"1400\" \/><meta itemprop=\"interactionType\" content=\"https:\/\/schema.org\/CommentAction\" \/><meta itemprop=\"userInteractionCount\" content=\"0\" \/>\n\t\t\t\t\t<a href=\"https:\/\/www.thunepodcast.fr\/index.php\/2023\/10\/20\/delphine-en-immersion-les-russes-et-largent-2-2-copy\/\" title=\"Les Russes et l&rsquo;argent (2\/2)\"><\/a>\n\t\t\t\t<img decoding=\"async\" src=\"https:\/\/www.thunepodcast.fr\/wp-content\/uploads\/bb-plugin\/cache\/THUNE-PODCAST-EPISODE-22--768x768-square-7902176b273c5c756a50cd796a552f8e-.jpeg\" alt=\"THUNE PODCAST EPISODE 2:2\" itemprop=\"image\" data-no-lazy=\"1\" title=\"THUNE PODCAST EPISODE 2:2\" onerror=\"this.style.display='none'\"  \/>\n\t\t\t\t\t\t\t\t\t<h2 itemprop=\"headline\">\n\t\t\t\t\t\t\t\t\t\t\t\t\t\tLes Russes et l&rsquo;argent (2\/2)\t\t\t\t\t\t\t\t\t\t\t<\/h2>\n    Vous pariez sur le rouble ?\n<br \/>\n\u00c9pisode #44\n\t<meta itemscope itemprop=\"mainEntityOfPage\" itemtype=\"https:\/\/schema.org\/WebPage\" itemid=\"http:\/\/873\" content=\"Les Russes et l&rsquo;argent (\u00e9pisode 1\/2)\" \/><meta itemprop=\"datePublished\" content=\"2023-10-20\" \/><meta itemprop=\"dateModified\" content=\"2024-01-01\" \/><meta itemprop=\"name\" content=\"Thune Podcast\"\/><meta itemprop=\"url\" content=\"https:\/\/www.thunepodcast.fr\/index.php\/author\/admin4827\/\" \/><meta itemprop=\"name\" content=\"admin4827\" \/><meta itemprop=\"url\" content=\"https:\/\/www.thunepodcast.fr\/wp-content\/uploads\/2023\/10\/THUNE-PODCAST-EPISODE-.jpeg\" \/><meta itemprop=\"width\" content=\"1400\" \/><meta itemprop=\"height\" content=\"1400\" \/><meta itemprop=\"interactionType\" content=\"https:\/\/schema.org\/CommentAction\" \/><meta itemprop=\"userInteractionCount\" content=\"0\" \/>\n\t\t\t\t\t<a href=\"https:\/\/www.thunepodcast.fr\/index.php\/2023\/10\/20\/delphine-en-immersion-les-russes-et-largent-1-2\/\" title=\"Les Russes et l&rsquo;argent (\u00e9pisode 1\/2)\"><\/a>\n\t\t\t\t<img decoding=\"async\" src=\"https:\/\/www.thunepodcast.fr\/wp-content\/uploads\/bb-plugin\/cache\/THUNE-PODCAST-EPISODE--768x768-square-1cb3363cd3b642c0b12d571c7bb6080c-.jpeg\" alt=\"THUNE PODCAST EPISODE\" itemprop=\"image\" data-no-lazy=\"1\" title=\"THUNE PODCAST EPISODE\" onerror=\"this.style.display='none'\"  \/>\n\t\t\t\t\t\t\t\t\t<h2 itemprop=\"headline\">\n\t\t\t\t\t\t\t\t\t\t\t\t\t\tLes Russes et l&rsquo;argent (\u00e9pisode 1\/2)\t\t\t\t\t\t\t\t\t\t\t<\/h2>\n    Vous aimez le caviar ?\n<br \/>\n\u00c9pisode #43\n\t<meta itemscope itemprop=\"mainEntityOfPage\" itemtype=\"https:\/\/schema.org\/WebPage\" itemid=\"http:\/\/768\" content=\"Maroussia enqu\u00eate \u00e0 Monaco\" \/><meta itemprop=\"datePublished\" content=\"2023-10-20\" \/><meta itemprop=\"dateModified\" content=\"2024-01-01\" \/><meta itemprop=\"name\" content=\"Thune Podcast\"\/><meta itemprop=\"url\" content=\"https:\/\/www.thunepodcast.fr\/index.php\/author\/admin4827\/\" \/><meta itemprop=\"name\" content=\"admin4827\" \/><meta itemprop=\"url\" content=\"https:\/\/www.thunepodcast.fr\/wp-content\/uploads\/2023\/10\/THUNE-PODCAST-EPISODE-18.jpg\" \/><meta itemprop=\"width\" content=\"800\" \/><meta itemprop=\"height\" content=\"800\" \/><meta itemprop=\"interactionType\" content=\"https:\/\/schema.org\/CommentAction\" \/><meta itemprop=\"userInteractionCount\" content=\"0\" \/>\n\t\t\t\t\t<a href=\"https:\/\/www.thunepodcast.fr\/index.php\/2023\/10\/20\/maroussia-au-royaume-des-ultra-riches\/\" title=\"Maroussia enqu\u00eate \u00e0 Monaco\"><\/a>\n\t\t\t\t<img decoding=\"async\" src=\"https:\/\/www.thunepodcast.fr\/wp-content\/uploads\/bb-plugin\/cache\/THUNE-PODCAST-EPISODE-18-768x768-square-03a210949fe69ff22a188c09e587a2c7-.jpg\" alt=\"THUNE PODCAST EPISODE 18\" itemprop=\"image\" data-no-lazy=\"1\" title=\"THUNE PODCAST EPISODE 18\" onerror=\"this.style.display='none'\"  \/>\n\t\t\t\t\t\t\t\t\t<h2 itemprop=\"headline\">\n\t\t\t\t\t\t\t\t\t\t\t\t\t\tMaroussia enqu\u00eate \u00e0 Monaco\t\t\t\t\t\t\t\t\t\t\t<\/h2>\n    Une journaliste chez les ultra-riches\n<br \/>\n\u00c9pisode #18\n\t<meta itemscope itemprop=\"mainEntityOfPage\" itemtype=\"https:\/\/schema.org\/WebPage\" itemid=\"http:\/\/742\" content=\"A Beyrouth : Marilyne, bourgeoise dans un pays ruin\u00e9\" \/><meta itemprop=\"datePublished\" content=\"2023-10-20\" \/><meta itemprop=\"dateModified\" content=\"2024-01-01\" \/><meta itemprop=\"name\" content=\"Thune Podcast\"\/><meta itemprop=\"url\" content=\"https:\/\/www.thunepodcast.fr\/index.php\/author\/admin4827\/\" \/><meta itemprop=\"name\" content=\"admin4827\" \/><meta itemprop=\"url\" content=\"https:\/\/www.thunepodcast.fr\/wp-content\/uploads\/2023\/10\/THUNE-PODCAST-EPISODE-14.jpg\" \/><meta itemprop=\"width\" content=\"800\" \/><meta itemprop=\"height\" content=\"800\" \/><meta itemprop=\"interactionType\" content=\"https:\/\/schema.org\/CommentAction\" \/><meta itemprop=\"userInteractionCount\" content=\"0\" \/>\n\t\t\t\t\t<a href=\"https:\/\/www.thunepodcast.fr\/index.php\/2023\/10\/20\/beyrouth-express-marilyne-bourgeoise-dans-un-pays-en-faillite\/\" title=\"A Beyrouth : Marilyne, bourgeoise dans un pays ruin\u00e9\"><\/a>\n\t\t\t\t<img decoding=\"async\" src=\"https:\/\/www.thunepodcast.fr\/wp-content\/uploads\/bb-plugin\/cache\/THUNE-PODCAST-EPISODE-14-768x768-square-8e9493b91d0109248e673cda96719ea7-.jpg\" alt=\"THUNE PODCAST EPISODE 14\" itemprop=\"image\" data-no-lazy=\"1\" title=\"THUNE PODCAST EPISODE 14\" onerror=\"this.style.display='none'\"  \/>\n\t\t\t\t\t\t\t\t\t<h2 itemprop=\"headline\">\n\t\t\t\t\t\t\t\t\t\t\t\t\t\tA Beyrouth : Marilyne, bourgeoise dans un pays ruin\u00e9\t\t\t\t\t\t\t\t\t\t\t<\/h2>\n    Et si \u00e7a nous arrivait ?\n<br \/>\n\u00c9pisode #14\n\t<meta itemscope itemprop=\"mainEntityOfPage\" itemtype=\"https:\/\/schema.org\/WebPage\" itemid=\"http:\/\/285\" content=\"H\u00f4tesse sur les yachts de luxe\" \/><meta itemprop=\"datePublished\" content=\"2023-09-27\" \/><meta itemprop=\"dateModified\" content=\"2024-01-01\" \/><meta itemprop=\"name\" content=\"Thune Podcast\"\/><meta itemprop=\"url\" content=\"https:\/\/www.thunepodcast.fr\/index.php\/author\/admin4827\/\" \/><meta itemprop=\"name\" content=\"admin4827\" \/><meta itemprop=\"url\" content=\"https:\/\/www.thunepodcast.fr\/wp-content\/uploads\/2023\/09\/THUNE-PODCAST-EPISODE-6.jpg\" \/><meta itemprop=\"width\" content=\"1000\" \/><meta itemprop=\"height\" content=\"1000\" \/><meta itemprop=\"interactionType\" content=\"https:\/\/schema.org\/CommentAction\" \/><meta itemprop=\"userInteractionCount\" content=\"0\" \/>\n\t\t\t\t\t<a href=\"https:\/\/www.thunepodcast.fr\/index.php\/2023\/09\/27\/charlene-hotesse-matelot-pour-les-milliardaires\/\" title=\"H\u00f4tesse sur les yachts de luxe\"><\/a>\n\t\t\t\t<img decoding=\"async\" src=\"https:\/\/www.thunepodcast.fr\/wp-content\/uploads\/bb-plugin\/cache\/THUNE-PODCAST-EPISODE-6-768x768-square-ec2b4944e1e281098b7cc7152934ec36-.jpg\" alt=\"THUNE PODCAST EPISODE 6\" itemprop=\"image\" data-no-lazy=\"1\" title=\"THUNE PODCAST EPISODE 6\" onerror=\"this.style.display='none'\"  \/>\n\t\t\t\t\t\t\t\t\t<h2 itemprop=\"headline\">\n\t\t\t\t\t\t\t\t\t\t\t\t\t\tH\u00f4tesse sur les yachts de luxe\t\t\t\t\t\t\t\t\t\t\t<\/h2>\n    Ca vous dirait d&#8217;embarquer sur un yacht de luxe ?\n<br \/>\n\u00c9pisode #6\n\t\t<!-- .pp-content-posts -->\n\n","protected":false},"excerpt":{"rendered":"<p>A l&rsquo;\u00e9tranger Le h\u00e9ros tr\u00e8s discret qui a fait trembler le Luxembourg Les Luxleaks, c&rsquo;est lui ! \u00c9pisode #105 Passion Arnaque ! L&rsquo;influenceuse qui traque les influenceurs Influenceurs ou \u00ab\u00a0influvoleurs\u00a0\u00bb ? \u00c9pisode #90 L&rsquo;argent fait-il la joie des Chinois ? Les Chinois et l&rsquo;argent \u00c9pisode #88 Dettes et burn out : la face cach\u00e9e de&hellip;<\/p>\n","protected":false},"author":1,"featured_media":0,"parent":0,"menu_order":0,"comment_status":"closed","ping_status":"closed","template":"","meta":{"footnotes":""},"class_list":["post-2323","page","type-page","status-publish","hentry"],"acf":[],"aioseo_notices":[],"_links":{"self":[{"href":"https:\/\/www.thunepodcast.fr\/index.php\/wp-json\/wp\/v2\/pages\/2323","targetHints":{"allow":["GET"]}}],"collection":[{"href":"https:\/\/www.thunepodcast.fr\/index.php\/wp-json\/wp\/v2\/pages"}],"about":[{"href":"https:\/\/www.thunepodcast.fr\/index.php\/wp-json\/wp\/v2\/types\/page"}],"author":[{"embeddable":true,"href":"https:\/\/www.thunepodcast.fr\/index.php\/wp-json\/wp\/v2\/users\/1"}],"replies":[{"embeddable":true,"href":"https:\/\/www.thunepodcast.fr\/index.php\/wp-json\/wp\/v2\/comments?post=2323"}],"version-history":[{"count":2,"href":"https:\/\/www.thunepodcast.fr\/index.php\/wp-json\/wp\/v2\/pages\/2323\/revisions"}],"predecessor-version":[{"id":2439,"href":"https:\/\/www.thunepodcast.fr\/index.php\/wp-json\/wp\/v2\/pages\/2323\/revisions\/2439"}],"wp:attachment":[{"href":"https:\/\/www.thunepodcast.fr\/index.php\/wp-json\/wp\/v2\/media?parent=2323"}],"curies":[{"name":"wp","href":"https:\/\/api.w.org\/{rel}","templated":true}]}}