{"id":2333,"date":"2024-01-04T13:26:08","date_gmt":"2024-01-04T12:26:08","guid":{"rendered":"https:\/\/www.thunepodcast.fr\/?page_id=2333"},"modified":"2024-01-04T19:55:14","modified_gmt":"2024-01-04T18:55:14","slug":"utopie","status":"publish","type":"page","link":"https:\/\/www.thunepodcast.fr\/index.php\/utopie\/","title":{"rendered":"UTOPIE"},"content":{"rendered":"\n<h2>\n\t\tUTOPIE\n\t<\/h2>\n\t<meta itemscope itemprop=\"mainEntityOfPage\" itemtype=\"https:\/\/schema.org\/WebPage\" itemid=\"http:\/\/1167\" content=\"Le h\u00e9ros tr\u00e8s discret qui a fait trembler le Luxembourg\" \/><meta itemprop=\"datePublished\" content=\"2023-10-23\" \/><meta itemprop=\"dateModified\" content=\"2024-01-01\" \/><meta itemprop=\"name\" content=\"Thune Podcast\"\/><meta itemprop=\"url\" content=\"https:\/\/www.thunepodcast.fr\/index.php\/author\/admin4827\/\" \/><meta itemprop=\"name\" content=\"admin4827\" \/><meta itemprop=\"url\" content=\"https:\/\/www.thunepodcast.fr\/wp-content\/uploads\/2023\/10\/Laurent-1-Thune-111.png\" \/><meta itemprop=\"width\" content=\"1080\" \/><meta itemprop=\"height\" content=\"1080\" \/><meta itemprop=\"interactionType\" content=\"https:\/\/schema.org\/CommentAction\" \/><meta itemprop=\"userInteractionCount\" content=\"0\" \/>\n\t\t\t\t\t<a href=\"https:\/\/www.thunepodcast.fr\/index.php\/2023\/10\/23\/antoine-deltour-le-heros-tres-discret-qui-a-fait-trembler-le-luxembourg\/\" title=\"Le h\u00e9ros tr\u00e8s discret qui a fait trembler le Luxembourg\"><\/a>\n\t\t\t\t<img decoding=\"async\" src=\"https:\/\/www.thunepodcast.fr\/wp-content\/uploads\/bb-plugin\/cache\/Laurent-1-Thune-111-768x768-square-e7e8b22656c633fcb5c6a2dc6a91a49b-.png\" alt=\"Laurent 1 Thune 1(11)\" itemprop=\"image\" data-no-lazy=\"1\" title=\"Laurent 1 Thune 1(11)\" onerror=\"this.style.display='none'\"  \/>\n\t\t\t\t\t\t\t\t\t<h2 itemprop=\"headline\">\n\t\t\t\t\t\t\t\t\t\t\t\t\t\tLe h\u00e9ros tr\u00e8s discret qui a fait trembler le Luxembourg\t\t\t\t\t\t\t\t\t\t\t<\/h2>\n    Les Luxleaks, c&rsquo;est lui !\n<br \/>\n\u00c9pisode #105\n\t\t<!-- .pp-content-posts -->\n\t<meta itemscope itemprop=\"mainEntityOfPage\" itemtype=\"https:\/\/schema.org\/WebPage\" itemid=\"http:\/\/1094\" content=\"Logement, nourriture, \u00e9nergie : les solutions 0\u20ac de Bjorn Duval\" \/><meta itemprop=\"datePublished\" content=\"2023-10-23\" \/><meta itemprop=\"dateModified\" content=\"2024-01-01\" \/><meta itemprop=\"name\" content=\"Thune Podcast\"\/><meta itemprop=\"url\" content=\"https:\/\/www.thunepodcast.fr\/index.php\/author\/admin4827\/\" \/><meta itemprop=\"name\" content=\"admin4827\" \/><meta itemprop=\"url\" content=\"https:\/\/www.thunepodcast.fr\/wp-content\/uploads\/2023\/10\/THUNE-PODCAST-EPISODE-74.jpg\" \/><meta itemprop=\"width\" content=\"800\" \/><meta itemprop=\"height\" content=\"800\" \/><meta itemprop=\"interactionType\" content=\"https:\/\/schema.org\/CommentAction\" \/><meta itemprop=\"userInteractionCount\" content=\"0\" \/>\n\t\t\t\t\t<a href=\"https:\/\/www.thunepodcast.fr\/index.php\/2023\/10\/23\/logement-nourriture-energie-vivre-gratos-cest-possible-les-solutions-0e-de-bjorn-duval\/\" title=\"Logement, nourriture, \u00e9nergie : les solutions 0\u20ac de Bjorn Duval\"><\/a>\n\t\t\t\t<img decoding=\"async\" src=\"https:\/\/www.thunepodcast.fr\/wp-content\/uploads\/bb-plugin\/cache\/THUNE-PODCAST-EPISODE-74-768x768-square-6a19271dc3bf0fc6df1f5c5b28f63473-.jpg\" alt=\"THUNE PODCAST EPISODE 74\" itemprop=\"image\" data-no-lazy=\"1\" title=\"THUNE PODCAST EPISODE 74\" onerror=\"this.style.display='none'\"  \/>\n\t\t\t\t\t\t\t\t\t<h2 itemprop=\"headline\">\n\t\t\t\t\t\t\t\t\t\t\t\t\t\tLogement, nourriture, \u00e9nergie : les solutions 0\u20ac de Bjorn Duval\t\t\t\t\t\t\t\t\t\t\t<\/h2>\n    Vous aimez le jardinage ?\n<br \/>\n\u00c9pisode #74\n\t<meta itemscope itemprop=\"mainEntityOfPage\" itemtype=\"https:\/\/schema.org\/WebPage\" itemid=\"http:\/\/1058\" content=\"Thune et religion : Soeur Jeanne-Marie et son \u00ab\u00a0v\u0153u de pauvret\u00e9\u00a0\u00bb\" \/><meta itemprop=\"datePublished\" content=\"2023-10-23\" \/><meta itemprop=\"dateModified\" content=\"2024-01-01\" \/><meta itemprop=\"name\" content=\"Thune Podcast\"\/><meta itemprop=\"url\" content=\"https:\/\/www.thunepodcast.fr\/index.php\/author\/admin4827\/\" \/><meta itemprop=\"name\" content=\"admin4827\" \/><meta itemprop=\"url\" content=\"https:\/\/www.thunepodcast.fr\/wp-content\/uploads\/2023\/10\/THUNE-PODCAST-EPISODE-66.jpg\" \/><meta itemprop=\"width\" content=\"800\" \/><meta itemprop=\"height\" content=\"800\" \/><meta itemprop=\"interactionType\" content=\"https:\/\/schema.org\/CommentAction\" \/><meta itemprop=\"userInteractionCount\" content=\"0\" \/>\n\t\t\t\t\t<a href=\"https:\/\/www.thunepodcast.fr\/index.php\/2023\/10\/23\/soeur-jeanne-marie-entre-voeu-de-pauvrete-et-questionnements-pecuniaires\/\" title=\"Thune et religion : Soeur Jeanne-Marie et son \u00ab\u00a0v\u0153u de pauvret\u00e9\u00a0\u00bb\"><\/a>\n\t\t\t\t<img decoding=\"async\" src=\"https:\/\/www.thunepodcast.fr\/wp-content\/uploads\/bb-plugin\/cache\/THUNE-PODCAST-EPISODE-66-768x768-square-e9212ebff12365cc1e4026ff18aeb612-.jpg\" alt=\"THUNE PODCAST EPISODE 66\" itemprop=\"image\" data-no-lazy=\"1\" title=\"THUNE PODCAST EPISODE 66\" onerror=\"this.style.display='none'\"  \/>\n\t\t\t\t\t\t\t\t\t<h2 itemprop=\"headline\">\n\t\t\t\t\t\t\t\t\t\t\t\t\t\tThune et religion : Soeur Jeanne-Marie et son \u00ab\u00a0v\u0153u de pauvret\u00e9\u00a0\u00bb\t\t\t\t\t\t\t\t\t\t\t<\/h2>\n    \u00c7a gagne combien une bonne s\u0153ur ?\n<br \/>\n\u00c9pisode #66\n\t<meta itemscope itemprop=\"mainEntityOfPage\" itemtype=\"https:\/\/schema.org\/WebPage\" itemid=\"http:\/\/939\" content=\"Du monde du fric \u00e0 la d\u00e9croissance\" \/><meta itemprop=\"datePublished\" content=\"2023-10-20\" \/><meta itemprop=\"dateModified\" content=\"2024-01-01\" \/><meta itemprop=\"name\" content=\"Thune Podcast\"\/><meta itemprop=\"url\" content=\"https:\/\/www.thunepodcast.fr\/index.php\/author\/admin4827\/\" \/><meta itemprop=\"name\" content=\"admin4827\" \/><meta itemprop=\"url\" content=\"https:\/\/www.thunepodcast.fr\/wp-content\/uploads\/2023\/10\/THUNE-PODCAST-EPISODE-47.jpg\" \/><meta itemprop=\"width\" content=\"800\" \/><meta itemprop=\"height\" content=\"800\" \/><meta itemprop=\"interactionType\" content=\"https:\/\/schema.org\/CommentAction\" \/><meta itemprop=\"userInteractionCount\" content=\"0\" \/>\n\t\t\t\t\t<a href=\"https:\/\/www.thunepodcast.fr\/index.php\/2023\/10\/20\/jean-philippe-du-monde-du-fric-a-la-decroissance\/\" title=\"Du monde du fric \u00e0 la d\u00e9croissance\"><\/a>\n\t\t\t\t<img decoding=\"async\" src=\"https:\/\/www.thunepodcast.fr\/wp-content\/uploads\/bb-plugin\/cache\/THUNE-PODCAST-EPISODE-47-768x768-square-494ab8e4100e45b162b86420e219f787-.jpg\" alt=\"THUNE PODCAST EPISODE 47\" itemprop=\"image\" data-no-lazy=\"1\" title=\"THUNE PODCAST EPISODE 47\" onerror=\"this.style.display='none'\"  \/>\n\t\t\t\t\t\t\t\t\t<h2 itemprop=\"headline\">\n\t\t\t\t\t\t\t\t\t\t\t\t\t\tDu monde du fric \u00e0 la d\u00e9croissance\t\t\t\t\t\t\t\t\t\t\t<\/h2>\n    La d\u00e9sillusion des dipl\u00f4m\u00e9s d&rsquo;HEC\n<br \/>\n\u00c9pisode #65\n\t<meta itemscope itemprop=\"mainEntityOfPage\" itemtype=\"https:\/\/schema.org\/WebPage\" itemid=\"http:\/\/788\" content=\"Le millionnaire frugaliste qui ne d\u00e9pensait rien\" \/><meta itemprop=\"datePublished\" content=\"2023-10-20\" \/><meta itemprop=\"dateModified\" content=\"2024-01-01\" \/><meta itemprop=\"name\" content=\"Thune Podcast\"\/><meta itemprop=\"url\" content=\"https:\/\/www.thunepodcast.fr\/index.php\/author\/admin4827\/\" \/><meta itemprop=\"name\" content=\"admin4827\" \/><meta itemprop=\"url\" content=\"https:\/\/www.thunepodcast.fr\/wp-content\/uploads\/2023\/10\/THUNE-PODCAST-EPISODE-22.jpg\" \/><meta itemprop=\"width\" content=\"800\" \/><meta itemprop=\"height\" content=\"800\" \/><meta itemprop=\"interactionType\" content=\"https:\/\/schema.org\/CommentAction\" \/><meta itemprop=\"userInteractionCount\" content=\"0\" \/>\n\t\t\t\t\t<a href=\"https:\/\/www.thunepodcast.fr\/index.php\/2023\/10\/20\/victor-le-millionnaire-qui-ne-depensait-rien\/\" title=\"Le millionnaire frugaliste qui ne d\u00e9pensait rien\"><\/a>\n\t\t\t\t<img decoding=\"async\" src=\"https:\/\/www.thunepodcast.fr\/wp-content\/uploads\/bb-plugin\/cache\/THUNE-PODCAST-EPISODE-22-768x768-square-c61045f068eba3300e4c640120a2ed1c-.jpg\" alt=\"THUNE PODCAST EPISODE 22\" itemprop=\"image\" data-no-lazy=\"1\" title=\"THUNE PODCAST EPISODE 22\" onerror=\"this.style.display='none'\"  \/>\n\t\t\t\t\t\t\t\t\t<h2 itemprop=\"headline\">\n\t\t\t\t\t\t\t\t\t\t\t\t\t\tLe millionnaire frugaliste qui ne d\u00e9pensait rien\t\t\t\t\t\t\t\t\t\t\t<\/h2>\n    Vous voulez \u00eatre riche \u00e0 40 ans ?\n<br \/>\n\u00c9pisode #23\n\t<meta itemscope itemprop=\"mainEntityOfPage\" itemtype=\"https:\/\/schema.org\/WebPage\" itemid=\"http:\/\/736\" content=\"La vie en communaut\u00e9 \u00ab\u00a0sans argent\u00a0\u00bb\" \/><meta itemprop=\"datePublished\" content=\"2023-10-20\" \/><meta itemprop=\"dateModified\" content=\"2024-01-01\" \/><meta itemprop=\"name\" content=\"Thune Podcast\"\/><meta itemprop=\"url\" content=\"https:\/\/www.thunepodcast.fr\/index.php\/author\/admin4827\/\" \/><meta itemprop=\"name\" content=\"admin4827\" \/><meta itemprop=\"url\" content=\"https:\/\/www.thunepodcast.fr\/wp-content\/uploads\/2023\/10\/THUNE-PODCAST-EPISODE-13.jpg\" \/><meta itemprop=\"width\" content=\"800\" \/><meta itemprop=\"height\" content=\"800\" \/><meta itemprop=\"interactionType\" content=\"https:\/\/schema.org\/CommentAction\" \/><meta itemprop=\"userInteractionCount\" content=\"0\" \/>\n\t\t\t\t\t<a href=\"https:\/\/www.thunepodcast.fr\/index.php\/2023\/10\/20\/la-vie-en-communaute-sans-argent\/\" title=\"La vie en communaut\u00e9 \u00ab\u00a0sans argent\u00a0\u00bb\"><\/a>\n\t\t\t\t<img decoding=\"async\" src=\"https:\/\/www.thunepodcast.fr\/wp-content\/uploads\/bb-plugin\/cache\/THUNE-PODCAST-EPISODE-13-768x768-square-febc90c9f9656a875491e82f8d1424ae-.jpg\" alt=\"THUNE PODCAST EPISODE 13\" itemprop=\"image\" data-no-lazy=\"1\" title=\"THUNE PODCAST EPISODE 13\" onerror=\"this.style.display='none'\"  \/>\n\t\t\t\t\t\t\t\t\t<h2 itemprop=\"headline\">\n\t\t\t\t\t\t\t\t\t\t\t\t\t\tLa vie en communaut\u00e9 \u00ab\u00a0sans argent\u00a0\u00bb\t\t\t\t\t\t\t\t\t\t\t<\/h2>\n    Un entretien radical, jusqu&rsquo;au bout de l&rsquo;utopie\n<br \/>\n\u00c9pisode #13\n\t<meta itemscope itemprop=\"mainEntityOfPage\" itemtype=\"https:\/\/schema.org\/WebPage\" itemid=\"http:\/\/274\" content=\"Heureuse avec moins de 1 000 euros par mois\" \/><meta itemprop=\"datePublished\" content=\"2023-09-27\" \/><meta itemprop=\"dateModified\" content=\"2024-01-01\" \/><meta itemprop=\"name\" content=\"Thune Podcast\"\/><meta itemprop=\"url\" content=\"https:\/\/www.thunepodcast.fr\/index.php\/author\/admin4827\/\" \/><meta itemprop=\"name\" content=\"admin4827\" \/><meta itemprop=\"url\" content=\"https:\/\/www.thunepodcast.fr\/wp-content\/uploads\/2023\/09\/THUNE-PODCAST-EPISODE-4.jpg\" \/><meta itemprop=\"width\" content=\"1000\" \/><meta itemprop=\"height\" content=\"1000\" \/><meta itemprop=\"interactionType\" content=\"https:\/\/schema.org\/CommentAction\" \/><meta itemprop=\"userInteractionCount\" content=\"0\" \/>\n\t\t\t\t\t<a href=\"https:\/\/www.thunepodcast.fr\/index.php\/2023\/09\/27\/kristel-heureuse-avec-moins-de-1-000-euros-par-mois\/\" title=\"Heureuse avec moins de 1 000 euros par mois\"><\/a>\n\t\t\t\t<img decoding=\"async\" src=\"https:\/\/www.thunepodcast.fr\/wp-content\/uploads\/bb-plugin\/cache\/THUNE-PODCAST-EPISODE-4-768x768-square-49d9d8526adac887efd2063ad3b3ed28-.jpg\" alt=\"THUNE PODCAST EPISODE 4\" itemprop=\"image\" data-no-lazy=\"1\" title=\"THUNE PODCAST EPISODE 4\" onerror=\"this.style.display='none'\"  \/>\n\t\t\t\t\t\t\t\t\t<h2 itemprop=\"headline\">\n\t\t\t\t\t\t\t\t\t\t\t\t\t\tHeureuse avec moins de 1 000 euros par mois\t\t\t\t\t\t\t\t\t\t\t<\/h2>\n    Est-ce que moins c&rsquo;est plus ?\n<br \/>\n\u00c9pisode #4\n\t\t<!-- .pp-content-posts -->\n\n","protected":false},"excerpt":{"rendered":"<p>UTOPIE Le h\u00e9ros tr\u00e8s discret qui a fait trembler le Luxembourg Les Luxleaks, c&rsquo;est lui ! \u00c9pisode #105 Logement, nourriture, \u00e9nergie : les solutions 0\u20ac de Bjorn Duval Vous aimez le jardinage ? \u00c9pisode #74 Thune et religion : Soeur Jeanne-Marie et son \u00ab\u00a0v\u0153u de pauvret\u00e9\u00a0\u00bb \u00c7a gagne combien une bonne s\u0153ur ? \u00c9pisode #66&hellip;<\/p>\n","protected":false},"author":1,"featured_media":0,"parent":0,"menu_order":0,"comment_status":"closed","ping_status":"closed","template":"","meta":{"footnotes":""},"class_list":["post-2333","page","type-page","status-publish","hentry"],"acf":[],"aioseo_notices":[],"_links":{"self":[{"href":"https:\/\/www.thunepodcast.fr\/index.php\/wp-json\/wp\/v2\/pages\/2333","targetHints":{"allow":["GET"]}}],"collection":[{"href":"https:\/\/www.thunepodcast.fr\/index.php\/wp-json\/wp\/v2\/pages"}],"about":[{"href":"https:\/\/www.thunepodcast.fr\/index.php\/wp-json\/wp\/v2\/types\/page"}],"author":[{"embeddable":true,"href":"https:\/\/www.thunepodcast.fr\/index.php\/wp-json\/wp\/v2\/users\/1"}],"replies":[{"embeddable":true,"href":"https:\/\/www.thunepodcast.fr\/index.php\/wp-json\/wp\/v2\/comments?post=2333"}],"version-history":[{"count":2,"href":"https:\/\/www.thunepodcast.fr\/index.php\/wp-json\/wp\/v2\/pages\/2333\/revisions"}],"predecessor-version":[{"id":2443,"href":"https:\/\/www.thunepodcast.fr\/index.php\/wp-json\/wp\/v2\/pages\/2333\/revisions\/2443"}],"wp:attachment":[{"href":"https:\/\/www.thunepodcast.fr\/index.php\/wp-json\/wp\/v2\/media?parent=2333"}],"curies":[{"name":"wp","href":"https:\/\/api.w.org\/{rel}","templated":true}]}}