{"id":956,"date":"2023-10-21T11:37:05","date_gmt":"2023-10-21T09:37:05","guid":{"rendered":"https:\/\/www.thunepodcast.fr\/?page_id=956"},"modified":"2025-11-13T15:48:24","modified_gmt":"2025-11-13T14:48:24","slug":"presse","status":"publish","type":"page","link":"https:\/\/www.thunepodcast.fr\/index.php\/presse\/","title":{"rendered":"PRESSE"},"content":{"rendered":"\n<h2>\n\t\tILS PARLENT DE NOUS\n\t<\/h2>\n\t\t\t\t<a href=\"https:\/\/www.telerama.fr\/radio\/podcast-a-beyrouth-la-berezina-du-declassement-7009630.php\" target=\"_blank\" rel=\"noopener\"  itemprop=\"url\">\n\t\t\t\t<img loading=\"lazy\" decoding=\"async\" src=\"https:\/\/www.thunepodcast.fr\/wp-content\/uploads\/2023\/10\/TELERAMA-THUNE-PODCAST.jpg\" alt=\"TELERAMA THUNE PODCAST\" itemprop=\"image\" height=\"712\" width=\"1417\" title=\"TELERAMA THUNE PODCAST\" onerror=\"this.style.display='none'\"  \/>\n\t\t\t\t<\/a>\n\t<p><a href=\"https:\/\/www.telerama.fr\/radio\/podcast-a-beyrouth-la-berezina-du-declassement-7009630.php\"><strong>Podcast\u00a0:\u00a0\u00e0 Beyrouth, la b\u00e9r\u00e9zina du d\u00e9classement<\/strong><\/a><\/p>\n<p>2019, la bulle financi\u00e8re libanaise explose. Le podcast \u00ab\u00a0Thune\u00a0\u00bb raconte le quotidien de Marilyne, une pharmacienne jadis fortun\u00e9e qui s&rsquo;est retrouv\u00e9e pauvre du jour au lendemain.<\/p>\n\t\t\t\t<a href=\"https:\/\/www.radiofrance.fr\/franceinter\/podcasts\/les-podcasts-du-week-end\/les-podcasts-du-week-end-du-samedi-11-mars-2023-6949081\" target=\"_self\" itemprop=\"url\">\n\t\t\t\t<img loading=\"lazy\" decoding=\"async\" src=\"https:\/\/www.thunepodcast.fr\/wp-content\/uploads\/2023\/10\/FRANCE-INTER-THUNE-PODCAST.jpg\" alt=\"FRANCE INTER THUNE PODCAST\" itemprop=\"image\" height=\"712\" width=\"1417\" title=\"FRANCE INTER THUNE PODCAST\" onerror=\"this.style.display='none'\"  \/>\n\t\t\t\t<\/a>\n\t<strong>Un podcast pour parler simplement et intimement d&rsquo;argent : Thune<\/strong><br \/>\nChaque jeudi, les journalistes Laurence V\u00e9ly et Anna Borel plongent dans le porte-monnaie de leurs invit\u00e9s pour comprendre leur rapport \u00e0 l&rsquo;argent avec un podcast qui sort de l&rsquo;ordinaire : Thune.\n\t\t\t\t<a href=\"https:\/\/www.bfmtv.com\/economie\/replay-emissions\/bfm-patrimoine\/investir-autrement-portrait-des-accros-de-la-depense-15-09_VN-202309150440.html\" target=\"_blank\" rel=\"noopener\"  itemprop=\"url\">\n\t\t\t\t<img loading=\"lazy\" decoding=\"async\" src=\"https:\/\/www.thunepodcast.fr\/wp-content\/uploads\/2023\/10\/BFM-THUNE-PODCAST.jpg\" alt=\"BFM THUNE PODCAST\" itemprop=\"image\" height=\"712\" width=\"1417\" title=\"BFM THUNE PODCAST\" onerror=\"this.style.display='none'\"  \/>\n\t\t\t\t<\/a>\n\t<strong>Portrait des \u00ab\u00a0accros\u00a0\u00bb de la d\u00e9pense<\/strong><br \/>\nLaurence V\u00e9ly, journaliste de Thune Podcast, a pr\u00e9sent\u00e9 le portrait d&rsquo;une femme accro aux d\u00e9penses et a donn\u00e9 des conseils sur la mani\u00e8re de d\u00e9penser notre argent, dans l&rsquo;\u00e9mission Tout pour investir, pr\u00e9sent\u00e9e par Lorraine Goumot.\n\t\t\t\t<a href=\"https:\/\/madame.lefigaro.fr\/celebrites\/culture\/notre-best-of-des-podcasts-a-ecouter-cet-ete-20230707?sfdebug=1\" target=\"_blank\" rel=\"noopener\"  itemprop=\"url\">\n\t\t\t\t<img loading=\"lazy\" decoding=\"async\" src=\"https:\/\/www.thunepodcast.fr\/wp-content\/uploads\/2023\/10\/FIGARO-THUNE-PODCAST.jpg\" alt=\"FIGARO THUNE PODCAST\" itemprop=\"image\" height=\"712\" width=\"1417\" title=\"FIGARO THUNE PODCAST\" onerror=\"this.style.display='none'\"  \/>\n\t\t\t\t<\/a>\n\t<strong>Notre best of des podcasts \u00e0 \u00e9couter cet \u00e9t\u00e9<\/strong><br \/>\nSi l&rsquo;argent ne fait pas le bonheur, est-il le nerf de la guerre ? Avec gourmandise, les journalistes Anna Borrel et Laurence V\u00e9ly plongent dans cette obsession contemporaine\u2009universelle, la \u00abthune\u00bb, qui donne son nom au podcast.\n\t\t\t\t<a href=\"https:\/\/www.lesinfluences.fr\/2022\/01\/11\/le-podcast-thune-cash-introspection\/\" target=\"_blank\" rel=\"noopener\"  itemprop=\"url\">\n\t\t\t\t<img loading=\"lazy\" decoding=\"async\" src=\"https:\/\/www.thunepodcast.fr\/wp-content\/uploads\/2023\/10\/INFLUENCES-THUNE-PODCAST.jpg\" alt=\"INFLUENCES THUNE PODCAST\" itemprop=\"image\" height=\"712\" width=\"1417\" title=\"INFLUENCES THUNE PODCAST\" onerror=\"this.style.display='none'\"  \/>\n\t\t\t\t<\/a>\n\t<strong>Le Podcast Thune : Cash introspection<\/strong><br \/>\nQue faire quand on n&rsquo;a pas grand-chose ? Ne pas m\u00e9goter sur l&rsquo;ambition ni compter son temps. La production du podcast Thune rel\u00e8ve de cette vertu.\n\t\t\t\t<a href=\"https:\/\/www.slate.fr\/audio\/thune\/\" target=\"_self\" itemprop=\"url\">\n\t\t\t\t<img loading=\"lazy\" decoding=\"async\" src=\"https:\/\/www.thunepodcast.fr\/wp-content\/uploads\/2023\/10\/SLATE-THUNE-PODCAST.jpg\" alt=\"SLATE THUNE PODCAST\" itemprop=\"image\" height=\"712\" width=\"1417\" title=\"SLATE THUNE PODCAST\" onerror=\"this.style.display='none'\"  \/>\n\t\t\t\t<\/a>\n\t<strong>Thune<\/strong><br \/>\nWarning: ce podcast ne va pas vous apprendre en dix le\u00e7ons \u00e0 devenir riche ni vous donner les clefs pour investir dans les cryptos. Il va vous interroger, vous informer, vous surprendre.\n\t\t\t\t<a href=\"https:\/\/www.ladn.eu\/media-mutants\/trois-podcasts-a-ecouter-absolument-pour-la-rentree\/\" target=\"_blank\" rel=\"noopener\"  itemprop=\"url\">\n\t\t\t\t<img loading=\"lazy\" decoding=\"async\" src=\"https:\/\/www.thunepodcast.fr\/wp-content\/uploads\/2023\/11\/ADN-PRESSE-THUNE.jpg\" alt=\"ADN PRESSE THUNE\" itemprop=\"image\" height=\"712\" width=\"1417\" title=\"ADN PRESSE THUNE\" onerror=\"this.style.display='none'\"  \/>\n\t\t\t\t<\/a>\n\t<strong>Notre s\u00e9lection ne manquera pas de vous bouleverser .<\/strong><br \/>\nAttention, contrairement \u00e0 ce que son titre peut laisser entendre, Thune n&rsquo;est pas un podcast sur comment bien g\u00e9rer ses cryptomonnaies ou devenir riche en trois mois. Les journalistes Laurence V\u00e9ly et Anna Borrel s&rsquo;inscrivent dans une d\u00e9marche plus intime et aussi plus int\u00e9ressante.\n\t\t\t\t<a href=\"https:\/\/www.radiofrance.fr\/franceinter\/podcasts\/les-podcasts-du-week-end\/les-podcasts-du-week-end-du-samedi-10-fevrier-2024-7728808\" target=\"_blank\" rel=\"noopener\"  itemprop=\"url\">\n\t\t\t\t<img decoding=\"async\" src=\"http:\/\/www.thunepodcast.fr\/wp-content\/uploads\/2024\/11\/1200x1200bf.webp\" alt=\"les podcasts du week-end\" itemprop=\"image\" title=\"les podcasts du week-end\" onerror=\"this.style.display='none'\"  \/>\n\t\t\t\t<\/a>\n\t<b>Plong\u00e9e dans Mym et Only Fans<br \/>\n<\/b>Le podcast Thune consacre un \u00e9pisode au t\u00e9moignage de Lola qui qui sur les conseils d&rsquo;un inconnu a commenc\u00e9 \u00e0 vendre des photos intimes sur le r\u00e9seau Mym \u00e0 16 ans.\n<p>&nbsp;<\/p>\n<p>&nbsp;<\/p>\n<h2 data-testid=\"ExpressionSummary-standFirst\"><\/h2>\n\t\t\t\t<a href=\"https:\/\/www.radiofrance.fr\/franceinter\/podcasts\/les-podcasts-du-week-end\/les-podcasts-du-week-end-du-samedi-21-septembre-2024-6293955\" target=\"_self\" itemprop=\"url\">\n\t\t\t\t<img decoding=\"async\" src=\"http:\/\/www.thunepodcast.fr\/wp-content\/uploads\/2024\/11\/1200x1200bf.webp\" alt=\"les podcasts du week-end\" itemprop=\"image\" title=\"les podcasts du week-end\" onerror=\"this.style.display='none'\"  \/>\n\t\t\t\t<\/a>\n\t<strong>Tout plaquer pour ouvrir un resto \u00e9picerie dans un village<\/strong><br \/>\nQuitter son job, sa grande ville, et aller ouvrir un resto \u00e9picerie ou un autre petit commerce dans un petit village, c&rsquo;est le r\u00eave de beaucoup. Mais quelle est la r\u00e9alit\u00e9 \u00e9conomique derri\u00e8re le r\u00eave ?\n<p>&nbsp;<\/p>\n<p>&nbsp;<\/p>\n\t\t\t\t<a href=\"https:\/\/www.ladn.eu\/media-mutants\/trois-podcasts-a-ecouter-absolument-pour-la-rentree\/\" target=\"_blank\" rel=\"noopener\"  itemprop=\"url\">\n\t\t\t\t<img decoding=\"async\" src=\"http:\/\/www.thunepodcast.fr\/wp-content\/uploads\/2024\/11\/IMG_8838-2.jpg\" alt=\"IMG_8838 2\" itemprop=\"image\" title=\"IMG_8838 2\" onerror=\"this.style.display='none'\"  \/>\n\t\t\t\t<\/a>\n\t<b>La s\u00e9lection de Q<br \/>\n<\/b>Le toujours inspir\u00e9 podcast Thune raconte l&rsquo;histoire de Jean Michel Frixon, ouvrier Michelin.\n\n","protected":false},"excerpt":{"rendered":"<p>ILS PARLENT DE NOUS Podcast\u00a0:\u00a0\u00e0 Beyrouth, la b\u00e9r\u00e9zina du d\u00e9classement 2019, la bulle financi\u00e8re libanaise explose. Le podcast \u00ab\u00a0Thune\u00a0\u00bb raconte le quotidien de Marilyne, une pharmacienne jadis fortun\u00e9e qui s&rsquo;est retrouv\u00e9e pauvre du jour au lendemain. Un podcast pour parler simplement et intimement d&rsquo;argent : Thune Chaque jeudi, les journalistes Laurence V\u00e9ly et Anna Borel&hellip;<\/p>\n","protected":false},"author":1,"featured_media":0,"parent":0,"menu_order":0,"comment_status":"closed","ping_status":"closed","template":"","meta":{"footnotes":""},"class_list":["post-956","page","type-page","status-publish","hentry"],"acf":[],"aioseo_notices":[],"_links":{"self":[{"href":"https:\/\/www.thunepodcast.fr\/index.php\/wp-json\/wp\/v2\/pages\/956","targetHints":{"allow":["GET"]}}],"collection":[{"href":"https:\/\/www.thunepodcast.fr\/index.php\/wp-json\/wp\/v2\/pages"}],"about":[{"href":"https:\/\/www.thunepodcast.fr\/index.php\/wp-json\/wp\/v2\/types\/page"}],"author":[{"embeddable":true,"href":"https:\/\/www.thunepodcast.fr\/index.php\/wp-json\/wp\/v2\/users\/1"}],"replies":[{"embeddable":true,"href":"https:\/\/www.thunepodcast.fr\/index.php\/wp-json\/wp\/v2\/comments?post=956"}],"version-history":[{"count":27,"href":"https:\/\/www.thunepodcast.fr\/index.php\/wp-json\/wp\/v2\/pages\/956\/revisions"}],"predecessor-version":[{"id":2769,"href":"https:\/\/www.thunepodcast.fr\/index.php\/wp-json\/wp\/v2\/pages\/956\/revisions\/2769"}],"wp:attachment":[{"href":"https:\/\/www.thunepodcast.fr\/index.php\/wp-json\/wp\/v2\/media?parent=956"}],"curies":[{"name":"wp","href":"https:\/\/api.w.org\/{rel}","templated":true}]}}